{"id":583,"date":"2016-09-24T06:18:44","date_gmt":"2016-09-24T10:18:44","guid":{"rendered":"http:\/\/collomp.fr\/?page_id=583"},"modified":"2024-03-09T18:32:49","modified_gmt":"2024-03-09T22:32:49","slug":"technologie-au-cycle4","status":"publish","type":"page","link":"http:\/\/collomp.fr\/?page_id=583","title":{"rendered":"Technologie au Cycle4 \u00ab faire pour apprendre et apprendre \u00e0 faire \u00bb"},"content":{"rendered":"\n<p><\/p>\n\n\n<p>En continuit\u00e9 de l\u2019\u00e9ducation scientifique et technologique des cycles pr\u00e9c\u00e9dents, la technologie au cycle 4 vise l\u2019appropriation par tous les \u00e9l\u00e8ves\u00a0 d\u2019une culture faisant d\u2019eux des acteurs \u00e9clair\u00e9s et responsables de l\u2019usage des technologies et des enjeux associ\u00e9s. La technologie permet la consolidation et l\u2019extension des comp\u00e9tences initi\u00e9es dans les cycles pr\u00e9c\u00e9dents tout en offrant des ouvertures pour les diverses poursuites d\u2019\u00e9tudes.<\/p>\n<p>&nbsp;<\/p>\n<p>La technologie permet\u00a0 aux \u00eatres humains de cr\u00e9er des objets pour r\u00e9pondre \u00e0 leurs besoins. L\u2019enseignement de la technologie au cours de la scolarit\u00e9 obligatoire a pour finalit\u00e9 de donner \u00e0 tous les \u00e9l\u00e8ves des cl\u00e9s pour comprendre l\u2019environnement technique contemporain et des comp\u00e9tences pour agir. La technologie se nourrit des relations complexes entre les r\u00e9sultats scientifiques, les contraintes environnementales, sociales, \u00e9conomiques et l\u2019organisation des techniques.<\/p>\n<p>&nbsp;<\/p>\n<p>Discipline d\u2019enseignement g\u00e9n\u00e9ral, la technologie participe \u00e0 la r\u00e9ussite personnelle de tous les \u00e9l\u00e8ves gr\u00e2ce\u00a0aux activit\u00e9s d\u2019investigation, de conception, de mod\u00e9lisation, de r\u00e9alisation\u00a0et aux d\u00e9marches favorisant leur implication dans des projets individuels, collectifs et collaboratifs. Par ses analyses distanci\u00e9es et critiques, visant \u00e0 saisir l\u2019alliance entre technologie, science et soci\u00e9t\u00e9, elle participe \u00e0 la formation du citoyen.<\/p>\n<p>&nbsp;<\/p>\n<p>Au cycle 4, l\u2019enseignement de technologie privil\u00e9gie l\u2019\u00e9tude des objets techniques ancr\u00e9s dans leur r\u00e9alit\u00e9 sociale et se d\u00e9veloppe selon trois dimensions\u00a0:<\/p>\n<ul>\n<li>une dimension d\u2019ing\u00e9nierie &#8211; design pour comprendre, imaginer et r\u00e9aliser de fa\u00e7on collaborative des objets. La d\u00e9marche de projet permet la cr\u00e9ation d\u2019objets \u00e0 partir d\u2019enjeux, de besoins et probl\u00e8mes identifi\u00e9s, de cahiers des charges exprim\u00e9s, de conditions et de contraintes connues.<\/li>\n<li>une dimension socio-culturelle qui permet de discuter les besoins, les conditions et les implications de la transformation du milieu par les objets et syst\u00e8mes techniques. Les activit\u00e9s sont centr\u00e9es sur l\u2019\u00e9tude de l\u2019\u00e9volution des objets et syst\u00e8mes et de leurs conditions d\u2019existence dans des contextes divers (culturels, juridiques, soci\u00e9taux notamment).<\/li>\n<li>une dimension scientifique, qui fait appel aux lois de la physique-chimie et aux outils math\u00e9matiques pour r\u00e9soudre des probl\u00e8mes techniques, analyser et investiguer des solutions techniques, mod\u00e9liser et simuler le fonctionnement et le comportement des objets et syst\u00e8mes techniques.<\/li>\n<\/ul>\n<p>&nbsp;<\/p>\n<p>Ces trois dimensions se traduisent par des modalit\u00e9s d\u2019apprentissage convergentes visant \u00e0 faire d\u00e9couvrir aux\u00a0 \u00e9l\u00e8ves les principales notions d\u2019ing\u00e9nierie des syst\u00e8mes. Les objets et services \u00e9tudi\u00e9s sont issus de domaines vari\u00e9s, tels que \u00a0\u00ab\u00a0moyens de transport\u00a0\u00bb, \u00ab\u00a0habitat et ouvrages\u00a0\u00bb, \u00ab\u00a0confort et domotique\u00a0\u00bb, \u00ab\u00a0sports et loisirs\u00a0\u00bb, etc.<\/p>\n<p>&nbsp;<\/p>\n<p>Les objectifs de formation du cycle 4 en technologie s\u2019organisent autour de <strong>trois grandes th\u00e9matiques\u00a0<\/strong>issues des trois dimensions pr\u00e9cit\u00e9es<strong> : le design, l\u2019innovation, la cr\u00e9ativit\u00e9<\/strong>; <strong>les objets techniques, les services et les changements induits\u00a0 dans la soci\u00e9t\u00e9 ; <\/strong><strong>la mod\u00e9lisation et la simulation des objets techniques<\/strong>. Ces trois th\u00e9matiques doivent \u00eatre abord\u00e9es chaque ann\u00e9e du cycle 4 car elles sont indissociables. Le programme de technologie, dans le prolongement du cycle 3, fait ainsi \u00e9cho aux programmes de physique-chimie et de sciences de la vie et de la Terre\u00a0et s\u2019articule avec d\u2019autres disciplines pour permettre aux \u00e9l\u00e8ves d\u2019acc\u00e9der \u00e0 une vision \u00e9largie de la r\u00e9alit\u00e9.<\/p>\n<p>&nbsp;<\/p>\n<p>En outre, un <strong>enseignement d\u2019informatique<\/strong>, est dispens\u00e9 \u00e0 la fois dans le cadre des math\u00e9matiques et de la technologie.\u00a0 .<\/p>\n<p>Celui-ci n\u2019a pas pour objectif de former des \u00e9l\u00e8ves experts, mais de leur apporter des cl\u00e9s de d\u00e9cryptage d\u2019un monde num\u00e9rique en \u00e9volution constante. Il permet d\u2019acqu\u00e9rir des m\u00e9thodes qui construisent la pens\u00e9e algorithmique et d\u00e9veloppe des comp\u00e9tences dans la repr\u00e9sentation de l\u2019information et de son traitement, la r\u00e9solution de probl\u00e8mes, le contr\u00f4le des r\u00e9sultats. Il est \u00e9galement l\u2019occasion de mettre en place des modalit\u00e9s d\u2019enseignement fond\u00e9es sur une p\u00e9dagogie de projet, active et collaborative. Pour donner du sens aux apprentissages et valoriser le travail des \u00e9l\u00e8ves, cet enseignement doit se traduire par la r\u00e9alisation de productions collectives (programme, application, animation, sites, etc.) dans le cadre d&rsquo;activit\u00e9s de cr\u00e9ation num\u00e9rique, au cours desquelles les \u00e9l\u00e8ves d\u00e9veloppent leur autonomie, mais aussi le sens du travail collaboratif.<\/p>\n<p>L\u2019enseignement de la technologie pr\u00e9sent\u00e9 sur ce site suit le programme de la r\u00e9forme de 2015.<\/p>\n<p>Enfin les \u00e9l\u00e8ves sont valid\u00e9s sur les comp\u00e9tences du socle commun du Cycle 4.<\/p>\n<p><a href=\"http:\/\/www.collomp.fr\/wp-content\/uploads\/2016\/09\/techno_cycle4.pdf\">T\u00e9l\u00e9charger le programme \u201csciences et technologie\u201d Cycle4.<\/a><\/p>\n<p>[gview file=\u00a0\u00bbhttp:\/\/collomp.fr\/wp-content\/uploads\/2016\/09\/techno_cycle4.pdf\u00a0\u00bb]<\/p>\n<p>&nbsp;<\/p>\n<p><a href=\"http:\/\/collomp.fr\/wp-content\/uploads\/2016\/09\/2016-2017-programme-annuel.pdf\">T\u00e9l\u00e9charger le planning pr\u00e9visionnel.<\/a><\/p>","protected":false},"excerpt":{"rendered":"<p>En continuit\u00e9 de l\u2019\u00e9ducation scientifique et technologique des cycles pr\u00e9c\u00e9dents, la technologie au cycle 4 vise l\u2019appropriation par tous les \u00e9l\u00e8ves\u00a0 d\u2019une culture faisant d\u2019eux des acteurs \u00e9clair\u00e9s et responsables de l\u2019usage des technologies et des enjeux associ\u00e9s. La technologie permet la consolidation et l\u2019extension des comp\u00e9tences initi\u00e9es dans les cycles pr\u00e9c\u00e9dents tout en offrant [&hellip;]<\/p>\n","protected":false},"author":2,"featured_media":0,"parent":0,"menu_order":0,"comment_status":"closed","ping_status":"closed","template":"","meta":{"footnotes":""},"_links":{"self":[{"href":"http:\/\/collomp.fr\/index.php?rest_route=\/wp\/v2\/pages\/583"}],"collection":[{"href":"http:\/\/collomp.fr\/index.php?rest_route=\/wp\/v2\/pages"}],"about":[{"href":"http:\/\/collomp.fr\/index.php?rest_route=\/wp\/v2\/types\/page"}],"author":[{"embeddable":true,"href":"http:\/\/collomp.fr\/index.php?rest_route=\/wp\/v2\/users\/2"}],"replies":[{"embeddable":true,"href":"http:\/\/collomp.fr\/index.php?rest_route=%2Fwp%2Fv2%2Fcomments&post=583"}],"version-history":[{"count":4,"href":"http:\/\/collomp.fr\/index.php?rest_route=\/wp\/v2\/pages\/583\/revisions"}],"predecessor-version":[{"id":691,"href":"http:\/\/collomp.fr\/index.php?rest_route=\/wp\/v2\/pages\/583\/revisions\/691"}],"wp:attachment":[{"href":"http:\/\/collomp.fr\/index.php?rest_route=%2Fwp%2Fv2%2Fmedia&parent=583"}],"curies":[{"name":"wp","href":"https:\/\/api.w.org\/{rel}","templated":true}]}}