{"id":184,"date":"2013-04-20T06:37:27","date_gmt":"2013-04-20T10:37:27","guid":{"rendered":"http:\/\/collomp.fr\/?page_id=184"},"modified":"2021-04-12T16:29:27","modified_gmt":"2021-04-12T20:29:27","slug":"accueil-2","status":"publish","type":"page","link":"https:\/\/collomp.fr\/","title":{"rendered":"Bienvenue sur www.collomp.fr"},"content":{"rendered":"<p><strong>1.PRESENTATION<\/strong><\/p>\n<p><strong>Ce site est r\u00e9alis\u00e9 dans le but d&rsquo;aider les \u00e9l\u00e8ves. Ils pourront trouver rapidement les activit\u00e9s \u00e0 r\u00e9aliser en cours et les ressources associ\u00e9es.<\/strong><\/p>\n<p><a href=\"http:\/\/collomp.fr\/wp-content\/uploads\/2013\/04\/REGLES-EN-TECHNOLOGIE.jpg\"><img loading=\"lazy\" decoding=\"async\" class=\"aligncenter wp-image-611 size-full\" src=\"http:\/\/collomp.fr\/wp-content\/uploads\/2013\/04\/REGLES-EN-TECHNOLOGIE.jpg\" alt=\"\" width=\"650\" height=\"561\"><\/a><\/p>\n<p><iframe loading=\"lazy\" src=\"https:\/\/www.youtube.com\/embed\/eFzehY15YRM\" width=\"640\" height=\"360\" frameborder=\"0\" allowfullscreen=\"allowfullscreen\"><\/iframe><\/p>\n<p><strong>2.ETAT D&rsquo;ESPRIT<\/strong><\/p>\n<p>Les sciences et la technologie demandent aux \u00e9l\u00e8ves de travailler en \u00e9quipe, d&rsquo;\u00eatre rigoureux, d&rsquo;\u00eatre attentifs en cours mais aussi au monde ext\u00e9rieur, de d\u00e9couvrir leurs qualit\u00e9s et celles de leurs camarades. Travail, Respect et Confiance comme nous l&rsquo;explique le coach l\u00e9gendaire, Aim\u00e9 JACQUET (champion du monde 1998 avec l&rsquo;\u00e9quipe de France) :<\/p>\n<p><iframe loading=\"lazy\" src=\"https:\/\/www.youtube.com\/embed\/Mfino-FffAA?feature=player_detailpage\" width=\"640\" height=\"360\" frameborder=\"0\" allowfullscreen=\"allowfullscreen\"><\/iframe><\/p>\n<p><strong>3.ECOUTER&#8230;C&rsquo;est le SECRET&nbsp;<\/strong><\/p>\n<p>Musique \u00e0 \u00e9couter sans mod\u00e9ration pour aiguiser&nbsp; votre ou\u00efe.<\/p>\n<p><iframe loading=\"lazy\" src=\"https:\/\/www.youtube.com\/embed\/iUohO2MSot8\" width=\"640\" height=\"360\" frameborder=\"0\" allowfullscreen=\"allowfullscreen\"><\/iframe><\/p>\n<p><strong>4.ATTENTION aux \u00e9crans ! (\u00e0 l&rsquo;attention des parents)<\/strong><\/p>\n<p><iframe loading=\"lazy\" title=\"YouTube video player\" src=\"https:\/\/www.youtube.com\/embed\/jCOZcayvGqQ\" width=\"640\" height=\"360\" frameborder=\"0\" allowfullscreen=\"allowfullscreen\"><\/iframe><\/p>\n","protected":false},"excerpt":{"rendered":"<p>1.PRESENTATION Ce site est r\u00e9alis\u00e9 dans le but d&rsquo;aider les \u00e9l\u00e8ves. Ils pourront trouver rapidement les activit\u00e9s \u00e0 r\u00e9aliser en cours et les ressources associ\u00e9es. 2.ETAT D&rsquo;ESPRIT Les sciences et la technologie demandent aux \u00e9l\u00e8ves de travailler en \u00e9quipe, d&rsquo;\u00eatre rigoureux, d&rsquo;\u00eatre attentifs en cours mais aussi au monde ext\u00e9rieur, de d\u00e9couvrir leurs qualit\u00e9s et [&hellip;]<\/p>\n","protected":false},"author":2,"featured_media":0,"parent":0,"menu_order":0,"comment_status":"closed","ping_status":"open","template":"","meta":{"footnotes":""},"_links":{"self":[{"href":"https:\/\/collomp.fr\/index.php?rest_route=\/wp\/v2\/pages\/184"}],"collection":[{"href":"https:\/\/collomp.fr\/index.php?rest_route=\/wp\/v2\/pages"}],"about":[{"href":"https:\/\/collomp.fr\/index.php?rest_route=\/wp\/v2\/types\/page"}],"author":[{"embeddable":true,"href":"https:\/\/collomp.fr\/index.php?rest_route=\/wp\/v2\/users\/2"}],"replies":[{"embeddable":true,"href":"https:\/\/collomp.fr\/index.php?rest_route=%2Fwp%2Fv2%2Fcomments&post=184"}],"version-history":[{"count":19,"href":"https:\/\/collomp.fr\/index.php?rest_route=\/wp\/v2\/pages\/184\/revisions"}],"predecessor-version":[{"id":653,"href":"https:\/\/collomp.fr\/index.php?rest_route=\/wp\/v2\/pages\/184\/revisions\/653"}],"wp:attachment":[{"href":"https:\/\/collomp.fr\/index.php?rest_route=%2Fwp%2Fv2%2Fmedia&parent=184"}],"curies":[{"name":"wp","href":"https:\/\/api.w.org\/{rel}","templated":true}]}}