{"id":670,"date":"2023-09-07T12:03:57","date_gmt":"2023-09-07T16:03:57","guid":{"rendered":"https:\/\/collomp.fr\/?page_id=670"},"modified":"2023-09-07T13:36:50","modified_gmt":"2023-09-07T17:36:50","slug":"culture-generale","status":"publish","type":"page","link":"https:\/\/collomp.fr\/?page_id=670","title":{"rendered":"Culture g\u00e9n\u00e9rale"},"content":{"rendered":"\n<p>Il est important de sortir de vos \u00e9tudes au coll\u00e8ge en ayant d\u00e9couvert des \u0153uvres (livres, spectacles, architecture\u2026).<\/p>\n\n\n\n<p>1.Voici une liste d\u2019\u0153uvres litt\u00e9raires recommand\u00e9es par l\u2019illustre \u00e9tablissement Henri 4 \u00e0 Paris. Demandez les livres au CDI.<\/p>\n\n\n\n<p>Pour voir la liste :&nbsp;<a href=\"https:\/\/www.senscritique.com\/liste\/les_livres_a_lire_cet_ete_selon_le_lycee_henri_iv\/2321911\" target=\"_blank\" rel=\"noreferrer noopener\">Cliquer ici<\/a><\/p>\n\n\n\n<p>2. Voici la plupart des \u0153uvres au format audio pour ceux d\u2019entre vous qui n\u2019ont pas le courage de lire.<\/p>\n\n\n<p><iframe loading=\"lazy\" width=\"600\" height=\"400\" src=\"https:\/\/www.youtube.com\/embed\/0XBeGofk6EE\" title=\"PERCEVAL OU LE CONTE DU GRAAL  CHAPITRE 1\" frameborder=\"0\" allow=\"accelerometer; autoplay; clipboard-write; encrypted-media; gyroscope; picture-in-picture; web-share\" allowfullscreen><\/iframe><\/p>\n\n\n<p><\/p>\n\n\n<p><iframe loading=\"lazy\" width=\"600\" height=\"400\" src=\"https:\/\/www.youtube.com\/embed\/mGqaWbPzySc?list=PLVXjqMB1HpAZAncMEHjXg1YxeeZM5Jsui\" title=\"Yvain ou le Chevalier au lion : Chapitre 1 &quot;L&#39;\u00e9trange aventure de Calogrenant&quot;\" frameborder=\"0\" allow=\"accelerometer; autoplay; clipboard-write; encrypted-media; gyroscope; picture-in-picture; web-share\" allowfullscreen><\/iframe><\/p>\n\n\n<p><\/p>\n\n\n<p><iframe loading=\"lazy\" width=\"600\" height=\"400\" src=\"https:\/\/www.youtube.com\/embed\/bXMAOnCfjaY\" title=\"Le Cid, de Corneille | Th\u00e9\u00e2tre\" frameborder=\"0\" allow=\"accelerometer; autoplay; clipboard-write; encrypted-media; gyroscope; picture-in-picture; web-share\" allowfullscreen><\/iframe><\/p>\n\n\n<p><\/p>\n\n\n<p><iframe loading=\"lazy\" width=\"600\" height=\"400\" src=\"https:\/\/www.youtube.com\/embed\/YCCgx-NCVbk\" title=\"Le Colonel Chabert d&#39;Honor\u00e9 de Balzac #livreaudio\" frameborder=\"0\" allow=\"accelerometer; autoplay; clipboard-write; encrypted-media; gyroscope; picture-in-picture; web-share\" allowfullscreen><\/iframe><\/p>\n\n\n<p>Cherchez les autres \u0153uvres sur youtube.<\/p>\n\n\n\n<p>3. Visite virtuelle de site (mus\u00e9es, b\u00e2timents, sites\u2026)<\/p>\n\n\n\n<p>Pour visiter le mus\u00e9e du Louvre : <a rel=\"noreferrer noopener\" href=\"https:\/\/www.louvre.fr\/visites-en-ligne\" target=\"_blank\">Cliquer ici<\/a><\/p>\n\n\n\n<p>D\u00e9couvrez 22 \u0153uvres d&rsquo;art les plus c\u00e9l\u00e8bres du monde : <a rel=\"noreferrer noopener\" href=\"https:\/\/www.artblr.com\/blogue\/22-uvres-dart-les-plus-celebres-du-monde\" target=\"_blank\">Cliquer ici<\/a><\/p>\n","protected":false},"excerpt":{"rendered":"<p>Il est important de sortir de vos \u00e9tudes au coll\u00e8ge en ayant d\u00e9couvert des \u0153uvres (livres, spectacles, architecture\u2026). 1.Voici une liste d\u2019\u0153uvres litt\u00e9raires recommand\u00e9es par l\u2019illustre \u00e9tablissement Henri 4 \u00e0 Paris. Demandez les livres au CDI. Pour voir la liste :&nbsp;Cliquer ici 2. Voici la plupart des \u0153uvres au format audio pour ceux d\u2019entre vous [&hellip;]<\/p>\n","protected":false},"author":3,"featured_media":0,"parent":0,"menu_order":0,"comment_status":"closed","ping_status":"closed","template":"","meta":{"footnotes":""},"_links":{"self":[{"href":"https:\/\/collomp.fr\/index.php?rest_route=\/wp\/v2\/pages\/670"}],"collection":[{"href":"https:\/\/collomp.fr\/index.php?rest_route=\/wp\/v2\/pages"}],"about":[{"href":"https:\/\/collomp.fr\/index.php?rest_route=\/wp\/v2\/types\/page"}],"author":[{"embeddable":true,"href":"https:\/\/collomp.fr\/index.php?rest_route=\/wp\/v2\/users\/3"}],"replies":[{"embeddable":true,"href":"https:\/\/collomp.fr\/index.php?rest_route=%2Fwp%2Fv2%2Fcomments&post=670"}],"version-history":[{"count":11,"href":"https:\/\/collomp.fr\/index.php?rest_route=\/wp\/v2\/pages\/670\/revisions"}],"predecessor-version":[{"id":683,"href":"https:\/\/collomp.fr\/index.php?rest_route=\/wp\/v2\/pages\/670\/revisions\/683"}],"wp:attachment":[{"href":"https:\/\/collomp.fr\/index.php?rest_route=%2Fwp%2Fv2%2Fmedia&parent=670"}],"curies":[{"name":"wp","href":"https:\/\/api.w.org\/{rel}","templated":true}]}}